{"id":28,"date":"2022-06-17T16:12:57","date_gmt":"2022-06-17T14:12:57","guid":{"rendered":"https:\/\/personality.cc\/?page_id=28"},"modified":"2023-10-18T11:02:03","modified_gmt":"2023-10-18T09:02:03","slug":"a-propos","status":"publish","type":"page","link":"https:\/\/urtest1.com\/pl\/a-propos\/","title":{"rendered":"O nas"},"content":{"rendered":"<p>[et_pb_section fb_built=&#8221;1&#8243; next_background_color=&#8221;#ffffff&#8221; _builder_version=&#8221;4.21.2&#8243; _module_preset=&#8221;default&#8221; background_color=&#8221;rgba(6,130,121,0.51)&#8221; background_enable_image=&#8221;off&#8221; custom_margin=&#8221;||||false&#8221; custom_padding=&#8221;14vw||4vw||false|false&#8221; bottom_divider_style=&#8221;curve&#8221; bottom_divider_height=&#8221;2.5vw&#8221; global_colors_info=&#8221;{}&#8221; theme_builder_area=&#8221;post_content&#8221;][et_pb_row _builder_version=&#8221;4.16&#8243; _module_preset=&#8221;default&#8221; animation_style=&#8221;fade&#8221; global_colors_info=&#8221;{}&#8221; theme_builder_area=&#8221;post_content&#8221;][et_pb_column type=&#8221;4_4&#8243; _builder_version=&#8221;4.16&#8243; _module_preset=&#8221;default&#8221; custom_padding=&#8221;|||&#8221; global_colors_info=&#8221;{}&#8221; custom_padding__hover=&#8221;|||&#8221; theme_builder_area=&#8221;post_content&#8221;][et_pb_text _builder_version=&#8221;4.21.2&#8243; _module_preset=&#8221;default&#8221; text_font=&#8221;||||||||&#8221; text_font_size=&#8221;18px&#8221; text_line_height=&#8221;2em&#8221; header_font=&#8221;Montserrat|300|||||||&#8221; header_font_size=&#8221;50px&#8221; header_line_height=&#8221;1.4em&#8221; text_orientation=&#8221;center&#8221; max_width=&#8221;700px&#8221; module_alignment=&#8221;center&#8221; hover_enabled=&#8221;0&#8243; header_font_size_tablet=&#8221;40px&#8221; header_font_size_phone=&#8221;32px&#8221; header_font_size_last_edited=&#8221;on|desktop&#8221; global_colors_info=&#8221;{}&#8221; theme_builder_area=&#8221;post_content&#8221; sticky_enabled=&#8221;0&#8243;]<\/p>\n<h1>A propos<\/h1>\n<p>[\/et_pb_text][et_pb_button button_url=&#8221;https:\/\/urtest1.com\/es\/test-big-5-es\/&#8221; button_text=&#8221;Passer l&#8217;examen&#8221; button_alignment=&#8221;center&#8221; _builder_version=&#8221;4.21.2&#8243; _module_preset=&#8221;default&#8221; custom_button=&#8221;on&#8221; button_text_size=&#8221;14px&#8221; button_text_color=&#8221;#FFFFFF&#8221; button_bg_color=&#8221;#0C71C3&#8243; button_border_color=&#8221;rgba(0,0,0,0)&#8221; button_border_radius=&#8221;100px&#8221; button_letter_spacing=&#8221;2px&#8221; button_font=&#8221;Montserrat|||on|||||&#8221; custom_padding=&#8221;16px|30px|16px|30px|true|true&#8221; hover_enabled=&#8221;0&#8243; box_shadow_style=&#8221;preset3&#8243; box_shadow_color=&#8221;rgba(127,141,255,0.4)&#8221; button_letter_spacing_hover=&#8221;2px&#8221; global_colors_info=&#8221;{}&#8221; button_text_size__hover_enabled=&#8221;off&#8221; button_one_text_size__hover_enabled=&#8221;off&#8221; button_two_text_size__hover_enabled=&#8221;off&#8221; button_text_color__hover_enabled=&#8221;off&#8221; button_one_text_color__hover_enabled=&#8221;off&#8221; button_two_text_color__hover_enabled=&#8221;off&#8221; button_border_width__hover_enabled=&#8221;off&#8221; button_one_border_width__hover_enabled=&#8221;off&#8221; button_two_border_width__hover_enabled=&#8221;off&#8221; button_border_color__hover_enabled=&#8221;off&#8221; button_one_border_color__hover_enabled=&#8221;off&#8221; button_two_border_color__hover_enabled=&#8221;off&#8221; button_border_radius__hover_enabled=&#8221;off&#8221; button_one_border_radius__hover_enabled=&#8221;off&#8221; button_two_border_radius__hover_enabled=&#8221;off&#8221; button_letter_spacing__hover_enabled=&#8221;on&#8221; button_letter_spacing__hover=&#8221;2px&#8221; button_one_letter_spacing__hover_enabled=&#8221;off&#8221; button_two_letter_spacing__hover_enabled=&#8221;off&#8221; button_bg_color__hover_enabled=&#8221;off&#8221; button_one_bg_color__hover_enabled=&#8221;off&#8221; button_two_bg_color__hover_enabled=&#8221;off&#8221; theme_builder_area=&#8221;post_content&#8221; sticky_enabled=&#8221;0&#8243;][\/et_pb_button][\/et_pb_column][\/et_pb_row][\/et_pb_section][et_pb_section fb_built=&#8221;1&#8243; admin_label=&#8221;My Experience&#8221; _builder_version=&#8221;4.16&#8243; _module_preset=&#8221;default&#8221; global_colors_info=&#8221;{}&#8221; theme_builder_area=&#8221;post_content&#8221;][et_pb_row column_structure=&#8221;1_2,1_2&#8243; _builder_version=&#8221;4.16&#8243; _module_preset=&#8221;default&#8221; global_colors_info=&#8221;{}&#8221; theme_builder_area=&#8221;post_content&#8221;][et_pb_column type=&#8221;1_2&#8243; _builder_version=&#8221;4.16&#8243; _module_preset=&#8221;default&#8221; custom_padding=&#8221;|||&#8221; custom_padding_tablet=&#8221;0px|||&#8221; custom_padding_last_edited=&#8221;off|desktop&#8221; global_colors_info=&#8221;{}&#8221; padding_tablet=&#8221;0px|||&#8221; padding_last_edited=&#8221;off|desktop&#8221; custom_padding__hover=&#8221;|||&#8221; theme_builder_area=&#8221;post_content&#8221;][et_pb_text _builder_version=&#8221;4.21.2&#8243; _module_preset=&#8221;default&#8221; text_font=&#8221;||||||||&#8221; text_font_size=&#8221;16px&#8221; text_line_height=&#8221;2em&#8221; header_font=&#8221;||||||||&#8221; header_2_font=&#8221;||||||||&#8221; header_3_font=&#8221;Montserrat||||||||&#8221; header_3_line_height=&#8221;1.4em&#8221; header_5_font=&#8221;||||||||&#8221; header_5_text_color=&#8221;#7f8dff&#8221; header_5_line_height=&#8221;2em&#8221; max_width=&#8221;700px&#8221; hover_enabled=&#8221;0&#8243; header_2_font_size_phone=&#8221;30px&#8221; header_2_font_size_last_edited=&#8221;off|desktop&#8221; locked=&#8221;off&#8221; global_colors_info=&#8221;{}&#8221; theme_builder_area=&#8221;post_content&#8221; sticky_enabled=&#8221;0&#8243;]<\/p>\n<p><strong>Nos id\u00e9es et nos valeurs<\/strong><\/p>\n<p>Nous adh\u00e9rons \u00e0 des principes fondamentaux tels que :<\/p>\n<p>La croyance signifie avoir confiance ou foi en quelque chose. L&#8217;int\u00e9grit\u00e9 de la qualit\u00e9 signifie \u00eatre fiable et ne pas changer ou h\u00e9siter. L&#8217;ex\u00e9cution signifie accomplir ou achever une t\u00e2che ou un plan. Cela implique de faire ce qui est n\u00e9cessaire pour que quelque chose se r\u00e9alise ou pour atteindre un objectif.<\/p>\n<p>Nous avons cr\u00e9\u00e9 cet avantage pour vous aider \u00e0 vous am\u00e9liorer ou \u00e0 vous inscrire \u00e0 quelque chose.<\/p>\n<p>[\/et_pb_text][\/et_pb_column][et_pb_column type=&#8221;1_2&#8243; _builder_version=&#8221;4.16&#8243; _module_preset=&#8221;default&#8221; custom_padding=&#8221;|||&#8221; custom_padding_tablet=&#8221;0px|||&#8221; custom_padding_last_edited=&#8221;off|desktop&#8221; global_colors_info=&#8221;{}&#8221; padding_tablet=&#8221;0px|||&#8221; padding_last_edited=&#8221;off|desktop&#8221; custom_padding__hover=&#8221;|||&#8221; theme_builder_area=&#8221;post_content&#8221;][et_pb_text ul_position=&#8221;inside&#8221; _builder_version=&#8221;4.21.2&#8243; _module_preset=&#8221;default&#8221; text_font=&#8221;||||||||&#8221; text_font_size=&#8221;16px&#8221; text_line_height=&#8221;2em&#8221; ul_font=&#8221;||||||||&#8221; ul_line_height=&#8221;2em&#8221; ol_font=&#8221;||||||||&#8221; header_font=&#8221;||||||||&#8221; header_2_font=&#8221;||||||||&#8221; header_3_font=&#8221;Montserrat||||||||&#8221; header_3_line_height=&#8221;1.4em&#8221; header_4_font=&#8221;Montserrat||||||||&#8221; header_4_line_height=&#8221;1.8em&#8221; header_5_font=&#8221;||||||||&#8221; header_5_text_color=&#8221;#7f8dff&#8221; header_5_line_height=&#8221;2em&#8221; max_width=&#8221;700px&#8221; hover_enabled=&#8221;0&#8243; header_2_font_size_phone=&#8221;30px&#8221; header_2_font_size_last_edited=&#8221;off|desktop&#8221; locked=&#8221;off&#8221; global_colors_info=&#8221;{}&#8221; theme_builder_area=&#8221;post_content&#8221; sticky_enabled=&#8221;0&#8243;]<\/p>\n<p><strong>Nos connaissances et comp\u00e9tences acquises \u00e0 partir d&#8217;\u00e9v\u00e9nements ou d&#8217;activit\u00e9s pr\u00e9c\u00e9dentes.<\/strong><\/p>\n<p>Nous apprenons ou comprenons les choses en les faisant ou en les observant. Plus de 100 000 tests ont \u00e9t\u00e9 influenc\u00e9s. Des th\u00e9rapeutes form\u00e9s se concentrent sur la gu\u00e9rison et l&#8217;aide aux individus. Tous les tests ont \u00e9t\u00e9 approuv\u00e9s.<\/p>\n<ul><\/ul>\n<p>[\/et_pb_text][\/et_pb_column][\/et_pb_row][\/et_pb_section][et_pb_section fb_built=&#8221;1&#8243; admin_label=&#8221;About Me&#8221; _builder_version=&#8221;4.16&#8243; _module_preset=&#8221;default&#8221; global_colors_info=&#8221;{}&#8221; theme_builder_area=&#8221;post_content&#8221;][et_pb_row column_structure=&#8221;1_4,3_4&#8243; use_custom_gutter=&#8221;on&#8221; padding_top_bottom_link_2=&#8221;true&#8221; padding_left_right_link_2=&#8221;true&#8221; _builder_version=&#8221;4.16&#8243; _module_preset=&#8221;default&#8221; max_width=&#8221;80%&#8221; custom_margin=&#8221;|0px||&#8221; custom_margin_tablet=&#8221;|10%||10%||true&#8221; custom_margin_phone=&#8221;&#8221; custom_margin_last_edited=&#8221;on|tablet&#8221; custom_padding=&#8221;100px|0px|0|0px|false|false&#8221; use_custom_width=&#8221;on&#8221; width_unit=&#8221;off&#8221; global_colors_info=&#8221;{}&#8221; theme_builder_area=&#8221;post_content&#8221;][et_pb_column type=&#8221;1_4&#8243; _builder_version=&#8221;4.16&#8243; _module_preset=&#8221;default&#8221; custom_padding=&#8221;|||&#8221; global_colors_info=&#8221;{}&#8221; custom_padding__hover=&#8221;|||&#8221; theme_builder_area=&#8221;post_content&#8221;][et_pb_image src=&#8221;https:\/\/urtest1.com\/wp-content\/uploads\/2023\/08\/depositphotos_318367382-stock-photo-portrait-of-a-handsome-young.webp&#8221; title_text=&#8221;depositphotos_318367382-stock-photo-portrait-of-a-handsome-young&#8221; align_tablet=&#8221;center&#8221; align_phone=&#8221;center&#8221; align_last_edited=&#8221;on|desktop&#8221; _builder_version=&#8221;4.21.2&#8243; _module_preset=&#8221;default&#8221; custom_margin=&#8221;-60px|-50%||&#8221; custom_margin_tablet=&#8221;|0%||&#8221; custom_margin_phone=&#8221;&#8221; custom_margin_last_edited=&#8221;on|tablet&#8221; animation_style=&#8221;slide&#8221; animation_direction=&#8221;right&#8221; animation_intensity_slide=&#8221;5%&#8221; global_colors_info=&#8221;{}&#8221; theme_builder_area=&#8221;post_content&#8221;][\/et_pb_image][\/et_pb_column][et_pb_column type=&#8221;3_4&#8243; _builder_version=&#8221;4.16&#8243; _module_preset=&#8221;default&#8221; background_color=&#8221;#f7f9fc&#8221; custom_padding=&#8221;40px|60px|40px|60px&#8221; custom_padding_tablet=&#8221;40px|60px|40px|60px&#8221; custom_padding_phone=&#8221;|40px||40px||true&#8221; custom_padding_last_edited=&#8221;on|phone&#8221; global_colors_info=&#8221;{}&#8221; padding_phone=&#8221;|40px||40px||true&#8221; padding_last_edited=&#8221;on|phone&#8221; custom_padding__hover=&#8221;|||&#8221; theme_builder_area=&#8221;post_content&#8221;][et_pb_text _builder_version=&#8221;4.21.2&#8243; _module_preset=&#8221;default&#8221; text_font=&#8221;||||||||&#8221; text_font_size=&#8221;16px&#8221; text_line_height=&#8221;2em&#8221; header_font=&#8221;||||||||&#8221; header_2_font=&#8221;Montserrat|600|||||||&#8221; header_2_font_size=&#8221;30px&#8221; header_2_line_height=&#8221;1.4em&#8221; header_5_font=&#8221;||||||||&#8221; header_5_text_color=&#8221;#7f8dff&#8221; header_5_line_height=&#8221;2em&#8221; max_width=&#8221;700px&#8221; custom_padding=&#8221;||19px|||&#8221; hover_enabled=&#8221;0&#8243; header_2_font_size_tablet=&#8221;&#8221; header_2_font_size_phone=&#8221;30px&#8221; header_2_font_size_last_edited=&#8221;on|phone&#8221; locked=&#8221;off&#8221; global_colors_info=&#8221;{}&#8221; theme_builder_area=&#8221;post_content&#8221; sticky_enabled=&#8221;0&#8243;]<\/p>\n<h2>Le test<\/h2>\n<p><span>Dans le domaine de la psychologie \u00ab\u00a0Big Five\u00a0\u00bb d\u00e9signe un mod\u00e8le de personnalit\u00e9 compos\u00e9 de cinq traits principaux.<\/span><\/p>\n<p>Ce concept a \u00e9t\u00e9 propos\u00e9 en 1981 par un analyste am\u00e9ricain nomm\u00e9 Lewis Goldberg, et il a \u00e9t\u00e9 ensuite \u00e9tendu par Costa et McCrae de 1987 \u00e0 1992.<\/p>\n<p>Ce texte aborde l&#8217;utilisation de ce mod\u00e8le pour \u00e9tudier l&#8217;identit\u00e9 hypoth\u00e9tique et cr\u00e9er des profils pour de nombreuses personnes.<\/p>\n<p><span>Dans un certain nombre d\u2019analyses, des rapprochements entre les mesures du test Big Five et divers aspects du comportement peuvent \u00eatre \u00e9tablis\u00a0:<\/span><\/p>\n<p>Faire son travail de mani\u00e8re honn\u00eate est important, peu importe le type de travail ou la mani\u00e8re dont il est \u00e9valu\u00e9.<\/p>\n<p>Les troubles de la personnalit\u00e9 : Le Manuel diagnostique et statistique des troubles mentaux comporte dix cat\u00e9gories diff\u00e9rentes, et chaque cat\u00e9gorie pr\u00e9sente un profil similaire aux cinq grands traits (ces profils ont souvent des niveaux \u00e9lev\u00e9s d&#8217;anxi\u00e9t\u00e9 ou de pr\u00e9occupation et des niveaux faibles de bonheur ou d&#8217;agr\u00e9ment).<\/p>\n<p>Les habitudes de vie sont les actions que nous accomplissons r\u00e9guli\u00e8rement et qui ont un impact sur notre mode de vie global.<\/p>\n<p>Les Cinq Grands sont \u00e9troitement li\u00e9s entre eux. \u00c9valuer quelqu&#8217;un en se basant sur toutes ces cat\u00e9gories est excessif.<\/p>\n<p>Dans les ann\u00e9es 2010, il y avait une r\u00e8gle appel\u00e9e les &#8220;Cinco Enormes&#8221; que la soci\u00e9t\u00e9 SCL Group utilisait \u00e0 des fins militaires et politiques. (Il n&#8217;est pas clair dans le texte original ce que signifie ou vise la R\u00e8gle des &#8220;Cinco Enormes&#8221;, il est donc rest\u00e9 inchang\u00e9. Des simplifications ont \u00e9t\u00e9 apport\u00e9es \u00e0 la structure et \u00e0 la r\u00e9daction des phrases.)<\/p>\n<p>Plus tard, ses soci\u00e9t\u00e9s affili\u00e9es, Cambridge Analytica et Total IQ, l&#8217;ont utilis\u00e9e \u00e0 des fins politiques.<\/p>\n<p>De nombreuses entreprises et organisations dans le monde accordent une grande importance \u00e0 cette \u00e9valuation et lui font confiance.<\/p>\n<p>Pouvez-vous rendre ce texte plus facile \u00e0 comprendre pour moi ?<\/p>\n<p>Jusqu&#8217;o\u00f9 va quelque chose.<\/p>\n<p>Ce projet a \u00e9t\u00e9 cr\u00e9\u00e9 pour vous aider \u00e0 mieux vous comprendre en examinant votre personnalit\u00e9, vos forces et vos domaines d&#8217;am\u00e9lioration. Il peut \u00eatre utilis\u00e9 pour aider les gens \u00e0 s&#8217;am\u00e9liorer ou pour d\u00e9cider rapidement si les candidats \u00e0 un emploi sont une bonne option.<\/p>\n<p>Le test repose sur cinq r\u00e8gles simples pour d\u00e9couvrir la v\u00e9ritable identit\u00e9 d&#8217;une personne. Ces r\u00e8gles ont \u00e9t\u00e9 test\u00e9es et se sont av\u00e9r\u00e9es fiables.<\/p>\n<p>Notre entreprise<\/p>\n<p>L&#8217;ensemble du groupe vise \u00e0 vous offrir un excellent service, y compris la fourniture de contenu de haute qualit\u00e9 pour les tests, afin de garantir une excellente exp\u00e9rience pour nos clients.<\/p>\n<p>Si vous avez besoin d&#8217;aide ou avez des questions, n&#8217;h\u00e9sitez pas \u00e0 nous contacter.<\/p>\n<p>[\/et_pb_text][et_pb_button button_url=&#8221;https:\/\/urtest1.com\/es\/nuestras-tarifas\/&#8221; button_text=&#8221;NOS TARIFS ET ABONNEMENT&#8221; _builder_version=&#8221;4.21.2&#8243; _module_preset=&#8221;default&#8221; custom_button=&#8221;on&#8221; button_text_size=&#8221;14px&#8221; button_text_color=&#8221;#FFFFFF&#8221; button_bg_color=&#8221;#0C71C3&#8243; button_border_color=&#8221;rgba(0,0,0,0)&#8221; button_border_radius=&#8221;100px&#8221; button_letter_spacing=&#8221;2px&#8221; button_font=&#8221;Montserrat|||on|||||&#8221; custom_margin=&#8221;||-60px|&#8221; custom_padding=&#8221;16px|30px|16px|30px|true|true&#8221; hover_enabled=&#8221;0&#8243; box_shadow_style=&#8221;preset3&#8243; box_shadow_color=&#8221;rgba(127,141,255,0.4)&#8221; button_letter_spacing_hover=&#8221;2px&#8221; locked=&#8221;off&#8221; global_colors_info=&#8221;{}&#8221; button_text_size__hover_enabled=&#8221;off&#8221; button_one_text_size__hover_enabled=&#8221;off&#8221; button_two_text_size__hover_enabled=&#8221;off&#8221; button_text_color__hover_enabled=&#8221;off&#8221; button_one_text_color__hover_enabled=&#8221;off&#8221; button_two_text_color__hover_enabled=&#8221;off&#8221; button_border_width__hover_enabled=&#8221;off&#8221; button_one_border_width__hover_enabled=&#8221;off&#8221; button_two_border_width__hover_enabled=&#8221;off&#8221; button_border_color__hover_enabled=&#8221;off&#8221; button_one_border_color__hover_enabled=&#8221;off&#8221; button_two_border_color__hover_enabled=&#8221;off&#8221; button_border_radius__hover_enabled=&#8221;off&#8221; button_one_border_radius__hover_enabled=&#8221;off&#8221; button_two_border_radius__hover_enabled=&#8221;off&#8221; button_letter_spacing__hover_enabled=&#8221;on&#8221; button_letter_spacing__hover=&#8221;2px&#8221; button_one_letter_spacing__hover_enabled=&#8221;off&#8221; button_two_letter_spacing__hover_enabled=&#8221;off&#8221; button_bg_color__hover_enabled=&#8221;off&#8221; button_one_bg_color__hover_enabled=&#8221;off&#8221; button_two_bg_color__hover_enabled=&#8221;off&#8221; theme_builder_area=&#8221;post_content&#8221; sticky_enabled=&#8221;0&#8243;][\/et_pb_button][\/et_pb_column][\/et_pb_row][\/et_pb_section]<\/p>\n","protected":false},"excerpt":{"rendered":"<p>A proposNos id\u00e9es et nos valeurs Nous adh\u00e9rons \u00e0 des principes fondamentaux tels que : La croyance signifie avoir confiance ou foi en quelque chose. L&#8217;int\u00e9grit\u00e9 de la qualit\u00e9 signifie \u00eatre fiable et ne pas changer ou h\u00e9siter. L&#8217;ex\u00e9cution signifie accomplir ou achever une t\u00e2che ou un plan. Cela implique de faire ce qui est [&hellip;]<\/p>\n","protected":false},"author":1,"featured_media":0,"parent":0,"menu_order":0,"comment_status":"closed","ping_status":"closed","template":"","meta":{"_et_pb_use_builder":"on","_et_pb_old_content":"","_et_gb_content_width":"","footnotes":""},"class_list":["post-28","page","type-page","status-publish","hentry"],"_links":{"self":[{"href":"https:\/\/urtest1.com\/pl\/wp-json\/wp\/v2\/pages\/28","targetHints":{"allow":["GET"]}}],"collection":[{"href":"https:\/\/urtest1.com\/pl\/wp-json\/wp\/v2\/pages"}],"about":[{"href":"https:\/\/urtest1.com\/pl\/wp-json\/wp\/v2\/types\/page"}],"author":[{"embeddable":true,"href":"https:\/\/urtest1.com\/pl\/wp-json\/wp\/v2\/users\/1"}],"replies":[{"embeddable":true,"href":"https:\/\/urtest1.com\/pl\/wp-json\/wp\/v2\/comments?post=28"}],"version-history":[{"count":26,"href":"https:\/\/urtest1.com\/pl\/wp-json\/wp\/v2\/pages\/28\/revisions"}],"predecessor-version":[{"id":2872,"href":"https:\/\/urtest1.com\/pl\/wp-json\/wp\/v2\/pages\/28\/revisions\/2872"}],"wp:attachment":[{"href":"https:\/\/urtest1.com\/pl\/wp-json\/wp\/v2\/media?parent=28"}],"curies":[{"name":"wp","href":"https:\/\/api.w.org\/{rel}","templated":true}]}}