{"id":2883,"date":"2023-10-18T11:26:18","date_gmt":"2023-10-18T09:26:18","guid":{"rendered":"https:\/\/urtest1.com\/?page_id=2883"},"modified":"2024-01-23T11:07:43","modified_gmt":"2024-01-23T10:07:43","slug":"conditions-paiement-recurrent","status":"publish","type":"page","link":"https:\/\/urtest1.com\/fi\/conditions-paiement-recurrent\/","title":{"rendered":"Toistuvat maksuehdot"},"content":{"rendered":"<p>[et_pb_section fb_built=&#8221;1&#8243; custom_padding_last_edited=&#8221;on|tablet&#8221; next_background_color=&#8221;#ffffff&#8221; admin_label=&#8221;Hero&#8221; _builder_version=&#8221;4.21.2&#8243; _module_preset=&#8221;default&#8221; background_color=&#8221;#FFFFFF&#8221; background_enable_image=&#8221;off&#8221; parallax=&#8221;on&#8221; custom_margin=&#8221;||||false&#8221; custom_padding=&#8221;1vw||0vw||false|false&#8221; custom_padding_tablet=&#8221;||50px|&#8221; custom_padding_phone=&#8221;&#8221; bottom_divider_style=&#8221;curve&#8221; bottom_divider_height=&#8221;2.5vw&#8221; global_colors_info=&#8221;{}&#8221; background__hover_enabled=&#8221;on|desktop&#8221;][et_pb_row _builder_version=&#8221;4.16&#8243; _module_preset=&#8221;default&#8221; animation_style=&#8221;fade&#8221; global_colors_info=&#8221;{}&#8221;][et_pb_column type=&#8221;4_4&#8243; _builder_version=&#8221;4.16&#8243; _module_preset=&#8221;default&#8221; custom_padding=&#8221;|||&#8221; global_colors_info=&#8221;{}&#8221; custom_padding__hover=&#8221;|||&#8221;][et_pb_text _builder_version=&#8221;4.21.2&#8243; _module_preset=&#8221;default&#8221; text_font=&#8221;|700|||||||&#8221; text_font_size=&#8221;18px&#8221; text_line_height=&#8221;2.6em&#8221; header_font=&#8221;Montserrat|600|||||||&#8221; header_font_size=&#8221;50px&#8221; header_line_height=&#8221;2em&#8221; text_orientation=&#8221;center&#8221; max_width=&#8221;700px&#8221; module_alignment=&#8221;center&#8221; header_font_size_tablet=&#8221;40px&#8221; header_font_size_phone=&#8221;32px&#8221; header_font_size_last_edited=&#8221;on|desktop&#8221; global_colors_info=&#8221;{}&#8221;]<\/p>\n<h1>Conditions de paiement r\u00e9current<\/h1>\n<p>[\/et_pb_text][\/et_pb_column][\/et_pb_row][\/et_pb_section][et_pb_section fb_built=&#8221;1&#8243; admin_label=&#8221;Politique&#8221; _builder_version=&#8221;4.21.2&#8243; _module_preset=&#8221;default&#8221; background_enable_color=&#8221;off&#8221; custom_padding=&#8221;0px|0px|54px|0px|false|false&#8221; global_colors_info=&#8221;{}&#8221;][et_pb_row _builder_version=&#8221;4.21.2&#8243; _module_preset=&#8221;default&#8221; global_colors_info=&#8221;{}&#8221;][et_pb_column type=&#8221;4_4&#8243; _builder_version=&#8221;4.21.2&#8243; _module_preset=&#8221;default&#8221; global_colors_info=&#8221;{}&#8221;][et_pb_text _builder_version=&#8221;4.21.2&#8243; _module_preset=&#8221;default&#8221; global_colors_info=&#8221;{}&#8221;]<\/p>\n<div class=\"et_pb_row et_pb_row_1\">\n<div class=\"et_pb_column et_pb_column_4_4 et_pb_column_2  et_pb_css_mix_blend_mode_passthrough et-last-child\">\n<div class=\"et_pb_module et_pb_text et_pb_text_1  et_pb_text_align_center et_pb_bg_layout_light\">\n<div class=\"et_pb_text_inner\">\n<div class=\"et_pb_module et_pb_text et_pb_text_2  et_pb_text_align_left et_pb_bg_layout_light\">\n<div class=\"et_pb_text_inner\">\n<p><strong>Conditions d&#8217;abonnement<\/strong><\/p>\n<p><strong>Entr\u00e9e en vigueur : 30 mars 2023<\/strong><\/p>\n<p><strong>INFINIWAVE LIMITED<\/strong><\/p>\n<p><strong>77, LOWER CAMDEN STREET,<\/strong><\/p>\n<p><strong>DUBLIN D02 XE80<\/strong><\/p>\n<p><strong>Irlande<\/strong><\/p>\n<p><strong>Num\u00e9ro d&#8217;enregistrement 737750 et TVA 4162209VH<\/strong><\/p>\n<p>La souscription aux services d&#8217;INFINIWAVE LIMITED donne acc\u00e8s aux avantages suivants :<\/p>\n<p>&#8211; Tests illimit\u00e9s<br \/>&#8211; Stockage de tous les r\u00e9sultats de tests<br \/>&#8211; Comparaisons entre les tests<br \/>&#8211; Envoi des r\u00e9sultats par e-mail<\/p>\n<p>L&#8217;abonnement vous donne acc\u00e8s \u00e0 l&#8217;espace membre pendant 24 heures au tarif promotionnel de 0,5 \u20ac TTC. \u00c0 la fin de cette p\u00e9riode d&#8217;essai, l&#8217;abonnement mensuel au tarif de 47,5 \u20ac TTC par mois sera applicable. Le paiement de ce dernier sera automatiquement pr\u00e9lev\u00e9 sur votre carte de cr\u00e9dit chaque mois \u00e0 la date anniversaire.<\/p>\n<p>Vous pouvez annuler l&#8217;abonnement \u00e0 tout moment et sans conditions directement sur cette page : https:\/\/urtest1.com\/cancel-sub\/<\/p>\n<p>Pour annuler votre abonnement, veuillez contacter notre service client, par e-mail \u00e0 contact@urtest1.com, ou via notre formulaire de contact en suivant ce lien : https:\/\/urtest1.com\/contact-fr\/<\/p>\n<p>INFINIWAVE LIMITED ne revend pas les informations de ses clients ; les donn\u00e9es personnelles ne sont utilis\u00e9es que dans le but de communiquer avec les clients et de leur fournir le niveau de service souhait\u00e9.<\/p>\n<p>INFINIWAVE LIMITED utilise des prestataires de paiement conformes aux normes de s\u00e9curit\u00e9 PCI DSS requises.<\/p>\n<\/div>\n<\/div>\n<\/div>\n<\/div>\n<\/div>\n<\/div>\n<p>[\/et_pb_text][\/et_pb_column][\/et_pb_row][\/et_pb_section]<\/p>\n","protected":false},"excerpt":{"rendered":"<p>Conditions de paiement r\u00e9current Conditions d&#8217;abonnement Entr\u00e9e en vigueur : 30 mars 2023 INFINIWAVE LIMITED 77, LOWER CAMDEN STREET, DUBLIN D02 XE80 Irlande Num\u00e9ro d&#8217;enregistrement 737750 et TVA 4162209VH La souscription aux services d&#8217;INFINIWAVE LIMITED donne acc\u00e8s aux avantages suivants : &#8211; Tests illimit\u00e9s- Stockage de tous les r\u00e9sultats de tests- Comparaisons entre les tests- [&hellip;]<\/p>\n","protected":false},"author":1,"featured_media":0,"parent":0,"menu_order":0,"comment_status":"closed","ping_status":"closed","template":"","meta":{"_et_pb_use_builder":"on","_et_pb_old_content":"<!-- wp:divi\/placeholder \/-->","_et_gb_content_width":"","footnotes":""},"class_list":["post-2883","page","type-page","status-publish","hentry"],"_links":{"self":[{"href":"https:\/\/urtest1.com\/fi\/wp-json\/wp\/v2\/pages\/2883","targetHints":{"allow":["GET"]}}],"collection":[{"href":"https:\/\/urtest1.com\/fi\/wp-json\/wp\/v2\/pages"}],"about":[{"href":"https:\/\/urtest1.com\/fi\/wp-json\/wp\/v2\/types\/page"}],"author":[{"embeddable":true,"href":"https:\/\/urtest1.com\/fi\/wp-json\/wp\/v2\/users\/1"}],"replies":[{"embeddable":true,"href":"https:\/\/urtest1.com\/fi\/wp-json\/wp\/v2\/comments?post=2883"}],"version-history":[{"count":5,"href":"https:\/\/urtest1.com\/fi\/wp-json\/wp\/v2\/pages\/2883\/revisions"}],"predecessor-version":[{"id":2975,"href":"https:\/\/urtest1.com\/fi\/wp-json\/wp\/v2\/pages\/2883\/revisions\/2975"}],"wp:attachment":[{"href":"https:\/\/urtest1.com\/fi\/wp-json\/wp\/v2\/media?parent=2883"}],"curies":[{"name":"wp","href":"https:\/\/api.w.org\/{rel}","templated":true}]}}